{"id":31943,"date":"2013-10-02T19:52:53","date_gmt":"2013-10-02T18:52:53","guid":{"rendered":"http:\/\/www.mottodistribution.com\/site\/?page_id=31943"},"modified":"2026-02-11T00:25:16","modified_gmt":"2026-02-10T23:25:16","slug":"events","status":"publish","type":"page","link":"https:\/\/www.mottodistribution.com\/site\/?page_id=31943","title":{"rendered":"Events"},"content":{"rendered":"\n<p>29.03.2026: <a href=\"https:\/\/gnever.bandcamp.com\/\">Gnever<\/a> + <a href=\"https:\/\/afraidofmessages.bandcamp.com\/\">Afraidofmessages<\/a> @ Motto Xberg<\/p>\n\n\n\n<p>27.02.2026: <a href=\"https:\/\/www.zooparkpublishing.com\/\">Zoopark Publishing<\/a> at Motto Paris<\/p>\n\n\n\n<p>26.02.2026: &#8216;We don&#8217;t care about music anyway&#8217; screening @ Motto Wedding<\/p>\n\n\n\n<p>22.02.2026: Artist Talk Maxime Muller @ Motto Paris <\/p>\n\n\n\n<p>21.02.2026: <a href=\"https:\/\/edelfaulrecordings.bandcamp.com\/\">Edelfaul<\/a> radio take over Motto Xberg Headquarters and online<\/p>\n\n\n\n<p>15.02.2026: Gig by <a href=\"https:\/\/feigur.bandcamp.com\/\">Feigur<\/a> @ Motto Paris <\/p>\n\n\n\n<p>14.02.2026: Maxime Muller Vernissage \u2019D\u00e9sirs et D\u00e9sordres\u2019 @ Motto Paris <\/p>\n\n\n\n<p>08.02.2026: Nedim G\u00fcrsel (hosted by Nina Zivancevic) @ Motto Paris<\/p>\n\n\n\n<p>31.01.2026: Gertie Adelaido radio session @Motto Xberg Headquarters and online<\/p>\n\n\n\n<p>30.01.2026: IFM \u2018DOC\/34\u2019 Relaunch event @ Motto Paris <\/p>\n\n\n\n<p>24.01.2026: Oonagh Haines &#8211; moli del tro records @ Motto Paris <\/p>\n\n\n\n<p>18.01.2026: Finissage \u0141ukasz Leja \u2018Satyriasis\u2019 @ Motto Paris<\/p>\n\n\n\n<p>17.01.2026: Laurent Poleo-Garnier \u201cClubbing\u201d Performance @ Motto Paris <\/p>\n\n\n\n<p>16.01.2026: Gig by dolphin hospital, das letzte gold verfallener sterne, hglauque&nbsp;@ Motto Paris<\/p>\n\n\n\n<p>10.01.2026: Radio set by Drescher @ Motto Berlin<\/p>\n\n\n\n<p><strong><em>2025<\/em><\/strong><\/p>\n\n\n\n<p>12.12.2025: \u2018EN VO\u00dbTE\u2019 Vasco, Orph\u00e9e, Swam @ Motto Paris <\/p>\n\n\n\n<p>11.12.2025: \u0141ukasz Leja \u201dSatyriasis\u201d @ Motto Paris <\/p>\n\n\n\n<p>05.12.2025: draft 001 holiday pop up @ Motto Paris <\/p>\n\n\n\n<p>03.12.2025: THIS RESCUE THING by Penny Allen @ Motto Paris<\/p>\n\n\n\n<p>03.12.2025: Patch Point Showroom @ Motto Paris<\/p>\n\n\n\n<p>22.11.2025: N\u00c9GRODIVERGENCE @ Motto Paris<\/p>\n\n\n\n<p>13.11.2025: Ecv School Jury @ Motto Paris<\/p>\n\n\n\n<p>08.11.2025: \u2018D\u2019AMOUR DE P\u00c9TROLE ET DE SANG\u2019 &#8211; Agir Bizarrement, feature: Shayma, Jules Hamdadou, Ambre Vanderstein, Azzedine Saleck, Sacha Teboul, Vava Dudu @ Motto Paris<\/p>\n\n\n\n<p>01.11.2025: Dolphin Hostpital @ Motto Berlin<\/p>\n\n\n\n<p>31.10.2025: Vincent Epplay + Olivier Lasson @&nbsp;Motto Paris<\/p>\n\n\n\n<p>28.10.2025: Nina \u017divan\u010devi\u0107 &amp; friends @ Motto Paris<\/p>\n\n\n\n<p>25.10.2025: Ali\u00e9nation et minorit\u00e9 &#8211; Galerie Buvette @ Motto Paris <\/p>\n\n\n\n<p>25.10.2025:  \u00d6ZI\u00d1SHE &#8211; breakfast + guided tour with Kathy Alliou <\/p>\n\n\n\n<p>20.10.2025:  \u00d6ZI\u00d1SHE<br>with: ADA &#8211; AMBUJERBA &#8211; KOKONJA &#8211; KUANYSH BAZARGALIYEV &#8211; LYAZZAT KHANIM &#8211; MARAT DILMAN &#8211; MERUYERT KUNAKOVA &#8211; SAULE SULEIMENOVA &#8211; SAYAN BAIGALIYEV<\/p>\n\n\n\n<p>Curated by Yana Kotina&nbsp;and Vladislav Sludskiy at Motto Paris<\/p>\n\n\n\n<p>19.10.2025: No Drama Bar Opening \/ Finissage Etat de Fait @ Motto Paris<\/p>\n\n\n\n<p>16.10.2025: Maya Herman with Elizabeth Brunazzi. Hosted by Nina \u017divan\u010devi\u0107 @ Motto Paris <\/p>\n\n\n\n<p>05.10.2025: secret event @ Motto Berlin<\/p>\n\n\n\n<p>4.10.2025: \u2018Derni\u00e8re S\u00e9ance\u2018 Laurent Poleo-Garnier + Lune D\u00e9prez @ Motto Paris<\/p>\n\n\n\n<p>28.09.2025: Poetry Reading @ Motto Paris <\/p>\n\n\n\n<p>20.09.2025: Martina Jurak + Stefanie Loveday @ Motto Berlin<\/p>\n\n\n\n<p>18.09.2025: Ewa Kubiak opening @ Motto Berlin<\/p>\n\n\n\n<p>18.09.2025: ASTMA, Bride, Jonathan Bergen @ Motto Berlin<\/p>\n\n\n\n<p>13.09.205: Paris Gigs (Lisokot; Maria Teraeva; Dolphin Hospital) @ Motto Paris <\/p>\n\n\n\n<p>11.09.2025: &#8216;Etat de Fait&#8217; Vincent Destouet + Delphine Kreuter @ Motto Paris<\/p>\n\n\n\n<p>23.08.2025: ASTMA @ Motto Paris<\/p>\n\n\n\n<p>21.08.2025: Silas Morrow @ Motto Berlin<\/p>\n\n\n\n<p>15.08.2025: <em>Behind the Yellow Wallpaper<\/em> @ Motto Paris. With Hrefna H\u00f6rn Leifsdott\u00edr,&nbsp;Lauryn Youden, Tiziana La Melia,Margaret Haines,&nbsp;Miriam Stoney,Gaby Sahhar,&nbsp;Belle Santos,&nbsp;Arvida Bystrom,&nbsp;Chiara Siravo&nbsp;&amp; music by Hannah Maria Schmutterer&nbsp;<\/p>\n\n\n\n<p>09.08.2025: Gigs @ Motto Paris <\/p>\n\n\n\n<p>02.08.2025: Awry @ Motto Berlin<\/p>\n\n\n\n<p>27.07.2025: Nina \u017divan\u010devi\u0107 ; Antonia Klimenko @ Motto Paris<\/p>\n\n\n\n<p>13.07.2025: \u2018Saubade\u2019 Aude Anqutil, Th\u00e9odore Fivel, Delphine Kreuter, Matthieu Prat @ Motto Paris <\/p>\n\n\n\n<p>09.07.2025: <em>Le Journal de Tokyo<\/em>. Evangeline Lafourcade @&nbsp;Motto Paris<\/p>\n\n\n\n<p>05.07.2025: Impulse + Eldon Garnet, Hosted by Nina \u017divan\u010devi\u0107 @ Motto Paris <\/p>\n\n\n\n<p>02.07.2025: Micro International launch @ Motto Berlin. Diedrich Diedrichsen, Jan Tumlir, Jonathan Kroll, Kevin Hanley.<\/p>\n\n\n\n<p>29.06.2025: <em>La Chaleur<\/em>. Irina Irbitskaya @ Motto Paris<\/p>\n\n\n\n<p>28.06.2025: Impulse + Eldon Garnet @ Motto Berlin. Hosted by Olaf Nicolai.<\/p>\n\n\n\n<p>23.06.2025: Darko Fritz talk and screenings @ Motto Paris<\/p>\n\n\n\n<p>20.06.2025: <em>Naseej: Life-Weavings of Palestine<\/em> @ Motto Berlin<\/p>\n\n\n\n<p>15.06.2025: Lee Ann Brown + Mohamed Zenia @  Motto Paris<\/p>\n\n\n\n<p>14.06.2025: Robert Blatt @ Motto Berlin<\/p>\n\n\n\n<p>13.06.2025: Drescher @ Motto Berlin<\/p>\n\n\n\n<p>06.06.2025: Chambre de Pot. @ Motto Paris<\/p>\n\n\n\n<p>05.06.2025: Chambre de Pot. Motto Paris<\/p>\n\n\n\n<p>31.05.2025: Jacopo Sabar Giacchino, Luca Albrecht Prausello, Joana Cuiko, Gerdi Petanaj @ Motto Paris<\/p>\n\n\n\n<p>24.05.2025: Piotr Macha finissage @ Motto Berlin<\/p>\n\n\n\n<p>17.05.2025: Zabo Chabiland @ Motto Berlin<\/p>\n\n\n\n<p>13.05.2025: Jenya Kukoverov, Sweet Zak @ Motto Paris<\/p>\n\n\n\n<p>08.05.2025: Stanislav Dorochenkov @ Motto Paris<\/p>\n\n\n\n<p>02.05.2025: Piotr Macha Live printing and films. Motto Berlin<\/p>\n\n\n\n<p>01.05.2025: Dimitri Venkov @ Motto Paris<\/p>\n\n\n\n<p>27.04.2025: Extraction Performance. Arthur Kokocki + Unum. Motto Berlin<\/p>\n\n\n\n<p>26.04.25: Gelli Print. @unumprint. Motto Berlin<\/p>\n\n\n\n<p>23.04.2025: Antoine Dufeu + friends. Motto Paris<\/p>\n\n\n\n<p>20.04.2025: Easter Evening @ Motto Berlin. Ana Nikolskaia, Nikita Proshkin, Anton, Andrey Karbonenko<\/p>\n\n\n\n<p>13.04.2025: Piotr Macha @ Motto Berlin<\/p>\n\n\n\n<p>12.04.2025: Gelli Print. @unumprint. Motto Berlin<\/p>\n\n\n\n<p>10.04.2025: Vasco Cesaretti. Concert.  @ Motto Paris<\/p>\n\n\n\n<p>05.04.2025: Gelli Print. @unumprint. @ Motto Berlin<\/p>\n\n\n\n<p>14.02.2025: ENTRE DOS AGUAS. Carlos Leon Zambrano @ Motto Berlin<\/p>\n\n\n\n<p>05.02.2025: Rob FIttermann; Shane Anderson @ Motto Berlin<\/p>\n","protected":false},"excerpt":{"rendered":"<p>29.03.2026: Gnever + Afraidofmessages @ Motto Xberg 27.02.2026: Zoopark Publishing at Motto Paris 26.02.2026: &#8216;We don&#8217;t care about music anyway&#8217; screening @ Motto Wedding 22.02.2026: Artist Talk Maxime Muller @ Motto Paris 21.02.2026: Edelfaul radio take over Motto Xberg Headquarters and online 15.02.2026: Gig by Feigur @ Motto Paris 14.02.2026: Maxime Muller Vernissage \u2019D\u00e9sirs et [&hellip;]<\/p>\n","protected":false},"author":87,"featured_media":0,"parent":0,"menu_order":0,"comment_status":"closed","ping_status":"open","template":"","meta":[],"_links":{"self":[{"href":"https:\/\/www.mottodistribution.com\/site\/index.php?rest_route=\/wp\/v2\/pages\/31943"}],"collection":[{"href":"https:\/\/www.mottodistribution.com\/site\/index.php?rest_route=\/wp\/v2\/pages"}],"about":[{"href":"https:\/\/www.mottodistribution.com\/site\/index.php?rest_route=\/wp\/v2\/types\/page"}],"author":[{"embeddable":true,"href":"https:\/\/www.mottodistribution.com\/site\/index.php?rest_route=\/wp\/v2\/users\/87"}],"replies":[{"embeddable":true,"href":"https:\/\/www.mottodistribution.com\/site\/index.php?rest_route=%2Fwp%2Fv2%2Fcomments&post=31943"}],"version-history":[{"count":426,"href":"https:\/\/www.mottodistribution.com\/site\/index.php?rest_route=\/wp\/v2\/pages\/31943\/revisions"}],"predecessor-version":[{"id":58097,"href":"https:\/\/www.mottodistribution.com\/site\/index.php?rest_route=\/wp\/v2\/pages\/31943\/revisions\/58097"}],"wp:attachment":[{"href":"https:\/\/www.mottodistribution.com\/site\/index.php?rest_route=%2Fwp%2Fv2%2Fmedia&parent=31943"}],"curies":[{"name":"wp","href":"https:\/\/api.w.org\/{rel}","templated":true}]}}