{"id":28244,"date":"2013-02-11T17:54:44","date_gmt":"2013-02-11T16:54:44","guid":{"rendered":"http:\/\/www.mottodistribution.com\/site\/?page_id=28244"},"modified":"2021-04-18T22:44:57","modified_gmt":"2021-04-18T21:44:57","slug":"motto-bogota","status":"publish","type":"page","link":"https:\/\/www.mottodistribution.com\/site\/?page_id=28244","title":{"rendered":"Motto Bogota"},"content":{"rendered":"<p>March 9:<\/p>\n<p><a href=\"http:\/\/www.mottodistribution.com\/site\/wp-content\/uploads\/2013\/02\/motto_at_no_parking.jpg\"><img loading=\"lazy\" class=\"alignnone size-thumbnail wp-image-28777\" src=\"http:\/\/www.mottodistribution.com\/site\/wp-content\/uploads\/2013\/02\/motto_at_no_parking-150x150.jpg\" alt=\"motto_at_no_parking\" width=\"150\" height=\"150\" \/><\/a><\/p>\n<p>Follow us on the streets of Bogota<br \/>\nSigue nos en las calles de Bogot\u00e0<\/p>\n<p>Libreria Trilce:<\/p>\n<p><a href=\"http:\/\/www.mottodistribution.com\/site\/wp-content\/uploads\/2013\/02\/motto_at_linraria_trilce.jpg\"><img loading=\"lazy\" class=\"alignnone size-large wp-image-28776\" src=\"http:\/\/www.mottodistribution.com\/site\/wp-content\/uploads\/2013\/02\/motto_at_linraria_trilce-682x511.jpg\" alt=\"motto_at_linraria_trilce\" width=\"682\" height=\"511\" srcset=\"https:\/\/www.mottodistribution.com\/site\/wp-content\/uploads\/2013\/02\/motto_at_linraria_trilce-682x511.jpg 682w, https:\/\/www.mottodistribution.com\/site\/wp-content\/uploads\/2013\/02\/motto_at_linraria_trilce-340x255.jpg 340w, https:\/\/www.mottodistribution.com\/site\/wp-content\/uploads\/2013\/02\/motto_at_linraria_trilce.jpg 2048w\" sizes=\"(max-width: 682px) 100vw, 682px\" \/><\/a><\/p>\n<p>La Agencia:<\/p>\n<p><a href=\"http:\/\/www.mottodistribution.com\/site\/wp-content\/uploads\/2013\/02\/motto_at_laagencia_start_09_03.jpg\"><img loading=\"lazy\" class=\"alignnone size-large wp-image-28775\" src=\"http:\/\/www.mottodistribution.com\/site\/wp-content\/uploads\/2013\/02\/motto_at_laagencia_start_09_03-682x511.jpg\" alt=\"motto_at_laagencia_start_09_03\" width=\"682\" height=\"511\" srcset=\"https:\/\/www.mottodistribution.com\/site\/wp-content\/uploads\/2013\/02\/motto_at_laagencia_start_09_03-682x511.jpg 682w, https:\/\/www.mottodistribution.com\/site\/wp-content\/uploads\/2013\/02\/motto_at_laagencia_start_09_03-340x255.jpg 340w, https:\/\/www.mottodistribution.com\/site\/wp-content\/uploads\/2013\/02\/motto_at_laagencia_start_09_03.jpg 2048w\" sizes=\"(max-width: 682px) 100vw, 682px\" \/><\/a><\/p>\n<p>La Silueta:<\/p>\n<p><a href=\"http:\/\/www.mottodistribution.com\/site\/wp-content\/uploads\/2013\/02\/motto_at_la_silueta_0.jpg\"><img loading=\"lazy\" class=\"alignnone size-large wp-image-28770\" src=\"http:\/\/www.mottodistribution.com\/site\/wp-content\/uploads\/2013\/02\/motto_at_la_silueta_0-682x511.jpg\" alt=\"motto_at_la_silueta_0\" width=\"682\" height=\"511\" srcset=\"https:\/\/www.mottodistribution.com\/site\/wp-content\/uploads\/2013\/02\/motto_at_la_silueta_0-682x511.jpg 682w, https:\/\/www.mottodistribution.com\/site\/wp-content\/uploads\/2013\/02\/motto_at_la_silueta_0-340x255.jpg 340w, https:\/\/www.mottodistribution.com\/site\/wp-content\/uploads\/2013\/02\/motto_at_la_silueta_0.jpg 2048w\" sizes=\"(max-width: 682px) 100vw, 682px\" \/><\/a><a href=\"http:\/\/www.mottodistribution.com\/site\/wp-content\/uploads\/2013\/02\/motto_at_la_silueta_2.jpg\"><img loading=\"lazy\" class=\"alignnone size-large wp-image-28772\" src=\"http:\/\/www.mottodistribution.com\/site\/wp-content\/uploads\/2013\/02\/motto_at_la_silueta_2-682x511.jpg\" alt=\"motto_at_la_silueta_2\" width=\"682\" height=\"511\" srcset=\"https:\/\/www.mottodistribution.com\/site\/wp-content\/uploads\/2013\/02\/motto_at_la_silueta_2-682x511.jpg 682w, https:\/\/www.mottodistribution.com\/site\/wp-content\/uploads\/2013\/02\/motto_at_la_silueta_2-340x255.jpg 340w, https:\/\/www.mottodistribution.com\/site\/wp-content\/uploads\/2013\/02\/motto_at_la_silueta_2.jpg 2048w\" sizes=\"(max-width: 682px) 100vw, 682px\" \/><\/a><a href=\"http:\/\/www.mottodistribution.com\/site\/wp-content\/uploads\/2013\/02\/motto_at_la_silueta_3.jpg\"><img loading=\"lazy\" class=\"alignnone size-large wp-image-28773\" src=\"http:\/\/www.mottodistribution.com\/site\/wp-content\/uploads\/2013\/02\/motto_at_la_silueta_3-682x909.jpg\" alt=\"motto_at_la_silueta_3\" width=\"682\" height=\"909\" srcset=\"https:\/\/www.mottodistribution.com\/site\/wp-content\/uploads\/2013\/02\/motto_at_la_silueta_3-682x909.jpg 682w, https:\/\/www.mottodistribution.com\/site\/wp-content\/uploads\/2013\/02\/motto_at_la_silueta_3-225x300.jpg 225w\" sizes=\"(max-width: 682px) 100vw, 682px\" \/><\/a><\/p>\n<p>Parque El Virrey:<\/p>\n<p><a href=\"http:\/\/www.mottodistribution.com\/site\/wp-content\/uploads\/2013\/02\/motto_at_la_parque_el_virrey_0.jpg\"><img loading=\"lazy\" class=\"alignnone size-large wp-image-28768\" src=\"http:\/\/www.mottodistribution.com\/site\/wp-content\/uploads\/2013\/02\/motto_at_la_parque_el_virrey_0-682x511.jpg\" alt=\"motto_at_la_parque_el_virrey_0\" width=\"682\" height=\"511\" srcset=\"https:\/\/www.mottodistribution.com\/site\/wp-content\/uploads\/2013\/02\/motto_at_la_parque_el_virrey_0-682x511.jpg 682w, https:\/\/www.mottodistribution.com\/site\/wp-content\/uploads\/2013\/02\/motto_at_la_parque_el_virrey_0-340x255.jpg 340w\" sizes=\"(max-width: 682px) 100vw, 682px\" \/><\/a><a href=\"http:\/\/www.mottodistribution.com\/site\/wp-content\/uploads\/2013\/02\/motto_at_la_parque_el_virrey_1.jpg\"><img loading=\"lazy\" class=\"alignnone size-large wp-image-28769\" src=\"http:\/\/www.mottodistribution.com\/site\/wp-content\/uploads\/2013\/02\/motto_at_la_parque_el_virrey_1-682x511.jpg\" alt=\"motto_at_la_parque_el_virrey_1\" width=\"682\" height=\"511\" srcset=\"https:\/\/www.mottodistribution.com\/site\/wp-content\/uploads\/2013\/02\/motto_at_la_parque_el_virrey_1-682x511.jpg 682w, https:\/\/www.mottodistribution.com\/site\/wp-content\/uploads\/2013\/02\/motto_at_la_parque_el_virrey_1-340x255.jpg 340w\" sizes=\"(max-width: 682px) 100vw, 682px\" \/><\/a><\/p>\n<p>Galeria_Casas Riegner<\/p>\n<p><a href=\"http:\/\/www.mottodistribution.com\/site\/wp-content\/uploads\/2013\/02\/motto_at_galeria_casas_riegner_0.jpg\"><img loading=\"lazy\" class=\"alignnone size-large wp-image-28767\" src=\"http:\/\/www.mottodistribution.com\/site\/wp-content\/uploads\/2013\/02\/motto_at_galeria_casas_riegner_0-682x909.jpg\" alt=\"motto_at_galeria_casas_riegner_0\" width=\"682\" height=\"909\" srcset=\"https:\/\/www.mottodistribution.com\/site\/wp-content\/uploads\/2013\/02\/motto_at_galeria_casas_riegner_0-682x909.jpg 682w, https:\/\/www.mottodistribution.com\/site\/wp-content\/uploads\/2013\/02\/motto_at_galeria_casas_riegner_0-225x300.jpg 225w, https:\/\/www.mottodistribution.com\/site\/wp-content\/uploads\/2013\/02\/motto_at_galeria_casas_riegner_0.jpg 1536w\" sizes=\"(max-width: 682px) 100vw, 682px\" \/><\/a><\/p>\n<p>March 2:<\/p>\n<p><a href=\"http:\/\/www.mottodistribution.com\/site\/wp-content\/uploads\/2013\/02\/mambo_museo_de_arte_moderno_bogota.jpg\"><img loading=\"lazy\" class=\"alignnone size-large wp-image-28659\" src=\"http:\/\/www.mottodistribution.com\/site\/wp-content\/uploads\/2013\/02\/mambo_museo_de_arte_moderno_bogota-682x511.jpg\" alt=\"mambo_museo_de_arte_moderno_bogota\" width=\"682\" height=\"511\" srcset=\"https:\/\/www.mottodistribution.com\/site\/wp-content\/uploads\/2013\/02\/mambo_museo_de_arte_moderno_bogota-682x511.jpg 682w, https:\/\/www.mottodistribution.com\/site\/wp-content\/uploads\/2013\/02\/mambo_museo_de_arte_moderno_bogota-340x255.jpg 340w\" sizes=\"(max-width: 682px) 100vw, 682px\" \/><\/a><a href=\"http:\/\/www.mottodistribution.com\/site\/wp-content\/uploads\/2013\/02\/el_conejo_electrico_peridico_de_artes.jpg\"><img loading=\"lazy\" class=\"alignnone size-large wp-image-28658\" src=\"http:\/\/www.mottodistribution.com\/site\/wp-content\/uploads\/2013\/02\/el_conejo_electrico_peridico_de_artes-682x909.jpg\" alt=\"el_conejo_electrico_peridico_de_artes\" width=\"682\" height=\"909\" srcset=\"https:\/\/www.mottodistribution.com\/site\/wp-content\/uploads\/2013\/02\/el_conejo_electrico_peridico_de_artes-682x909.jpg 682w, https:\/\/www.mottodistribution.com\/site\/wp-content\/uploads\/2013\/02\/el_conejo_electrico_peridico_de_artes-225x300.jpg 225w\" sizes=\"(max-width: 682px) 100vw, 682px\" \/><\/a><a href=\"http:\/\/www.mottodistribution.com\/site\/wp-content\/uploads\/2013\/02\/mercardito_mentidero_03_03_13_1.jpg\"><img loading=\"lazy\" class=\"alignnone size-large wp-image-28660\" src=\"http:\/\/www.mottodistribution.com\/site\/wp-content\/uploads\/2013\/02\/mercardito_mentidero_03_03_13_1-682x511.jpg\" alt=\"mercardito_mentidero_03_03_13_1\" width=\"682\" height=\"511\" srcset=\"https:\/\/www.mottodistribution.com\/site\/wp-content\/uploads\/2013\/02\/mercardito_mentidero_03_03_13_1-682x511.jpg 682w, https:\/\/www.mottodistribution.com\/site\/wp-content\/uploads\/2013\/02\/mercardito_mentidero_03_03_13_1-340x255.jpg 340w\" sizes=\"(max-width: 682px) 100vw, 682px\" \/><\/a><a href=\"http:\/\/www.mottodistribution.com\/site\/wp-content\/uploads\/2013\/02\/mercardito_mentidero_03_03_13.jpg\"><img loading=\"lazy\" class=\"alignnone size-large wp-image-28661\" src=\"http:\/\/www.mottodistribution.com\/site\/wp-content\/uploads\/2013\/02\/mercardito_mentidero_03_03_13-682x511.jpg\" alt=\"mercardito_mentidero_03_03_13\" width=\"682\" height=\"511\" srcset=\"https:\/\/www.mottodistribution.com\/site\/wp-content\/uploads\/2013\/02\/mercardito_mentidero_03_03_13-682x511.jpg 682w, https:\/\/www.mottodistribution.com\/site\/wp-content\/uploads\/2013\/02\/mercardito_mentidero_03_03_13-340x255.jpg 340w\" sizes=\"(max-width: 682px) 100vw, 682px\" \/><\/a><\/p>\n<p>Despite a gray sky, we returned to the flea market on Sunday! We are not tired of going through there, this flea market really has a charm.<\/p>\n<p>A pesar de cielos grises volvimos al mercadito del domingo! No nos cansamos de pasar por ah\u00ed, este mercado de pulgas tiene un encanto.<\/p>\n<p>Feb. 25:<\/p>\n<p>Coming up: MotoMovil<br \/>\n<a href=\"http:\/\/laagencia.net\/\">http:\/\/laagencia.net\/<\/a><\/p>\n<p>Feb. 24:<\/p>\n<p><a href=\"http:\/\/www.mottodistribution.com\/site\/wp-content\/uploads\/2013\/02\/motto_mercardo_pulgas_1_.jpg\"><img loading=\"lazy\" class=\"alignnone size-large wp-image-28575\" src=\"http:\/\/www.mottodistribution.com\/site\/wp-content\/uploads\/2013\/02\/motto_mercardo_pulgas_1_-682x511.jpg\" alt=\"motto_mercardo_pulgas_1_\" width=\"682\" height=\"511\" srcset=\"https:\/\/www.mottodistribution.com\/site\/wp-content\/uploads\/2013\/02\/motto_mercardo_pulgas_1_-682x511.jpg 682w, https:\/\/www.mottodistribution.com\/site\/wp-content\/uploads\/2013\/02\/motto_mercardo_pulgas_1_-340x255.jpg 340w, https:\/\/www.mottodistribution.com\/site\/wp-content\/uploads\/2013\/02\/motto_mercardo_pulgas_1_.jpg 1444w\" sizes=\"(max-width: 682px) 100vw, 682px\" \/><\/a><a href=\"http:\/\/www.mottodistribution.com\/site\/wp-content\/uploads\/2013\/02\/motto_mercardo_pulgas_0_.jpg\"><img loading=\"lazy\" class=\"alignnone size-large wp-image-28576\" src=\"http:\/\/www.mottodistribution.com\/site\/wp-content\/uploads\/2013\/02\/motto_mercardo_pulgas_0_-682x511.jpg\" alt=\"motto_mercardo_pulgas_0_\" width=\"682\" height=\"511\" srcset=\"https:\/\/www.mottodistribution.com\/site\/wp-content\/uploads\/2013\/02\/motto_mercardo_pulgas_0_-682x511.jpg 682w, https:\/\/www.mottodistribution.com\/site\/wp-content\/uploads\/2013\/02\/motto_mercardo_pulgas_0_-340x255.jpg 340w, https:\/\/www.mottodistribution.com\/site\/wp-content\/uploads\/2013\/02\/motto_mercardo_pulgas_0_.jpg 1444w\" sizes=\"(max-width: 682px) 100vw, 682px\" \/><\/a>Feb. 23:<\/p>\n<p>fb link For Tomorrow Feb 24:<\/p>\n<p><a href=\"https:\/\/www.facebook.com\/events\/407121459368076\/432482436831978\/?notif_t=plan_mall_activity\">https:\/\/www.facebook.com\/events\/407121459368076\/432482436831978\/?notif_t=plan_mall_activity<\/a><\/p>\n<p>Feb. 22:<\/p>\n<p>We will go to the market this Sunday. We&#8217;ll post a fb link about it asap.<br \/>\nEste Domingo, vamos al mercadito! Pronto les informamos con un link fb.<\/p>\n<p>Feb. 20:<\/p>\n<p><a href=\"http:\/\/www.mottodistribution.com\/site\/wp-content\/uploads\/2013\/02\/bogota_pulgas.jpg\"><img loading=\"lazy\" class=\"alignnone size-large wp-image-28453\" src=\"http:\/\/www.mottodistribution.com\/site\/wp-content\/uploads\/2013\/02\/bogota_pulgas-682x511.jpg\" alt=\"bogota_pulgas\" width=\"682\" height=\"511\" srcset=\"https:\/\/www.mottodistribution.com\/site\/wp-content\/uploads\/2013\/02\/bogota_pulgas-682x511.jpg 682w, https:\/\/www.mottodistribution.com\/site\/wp-content\/uploads\/2013\/02\/bogota_pulgas-340x255.jpg 340w\" sizes=\"(max-width: 682px) 100vw, 682px\" \/><\/a><\/p>\n<p>Finally the box of books packed and shipped from berlin arrived in Bogota. Selection of books is done and we are soon in the streets!<\/p>\n<p>La caja empacada en berlin ya lleg\u00f3 a Bogot\u00e1. La selecci\u00f3n de los t\u00edtulos est\u00e1 lista, pronto estaremos en la calle!<\/p>\n<p>Feb. 20:<br \/>\n<a href=\"http:\/\/www.mottodistribution.com\/site\/wp-content\/uploads\/2013\/02\/Bogota_0621.jpg\"><img loading=\"lazy\" class=\"alignnone size-large wp-image-28251\" src=\"http:\/\/www.mottodistribution.com\/site\/wp-content\/uploads\/2013\/02\/Bogota_0621-682x567.jpg\" alt=\"Bogota_0621\" width=\"682\" height=\"567\" srcset=\"https:\/\/www.mottodistribution.com\/site\/wp-content\/uploads\/2013\/02\/Bogota_0621-682x567.jpg 682w, https:\/\/www.mottodistribution.com\/site\/wp-content\/uploads\/2013\/02\/Bogota_0621-340x283.jpg 340w, https:\/\/www.mottodistribution.com\/site\/wp-content\/uploads\/2013\/02\/Bogota_0621.jpg 1444w\" sizes=\"(max-width: 682px) 100vw, 682px\" \/><\/a><\/p>\n<p>We are preparing for a temporary bookstore in March 2013, In Bogota, Colombia. Please come back soon for more information<\/p>\n<p>People in Bogota can get in touch through: peter (at) mottodistribution.com<\/p>\n","protected":false},"excerpt":{"rendered":"<p>March 9: Follow us on the streets of Bogota Sigue nos en las calles de Bogot\u00e0 Libreria Trilce: La Agencia: La Silueta: Parque El Virrey: Galeria_Casas Riegner March 2: Despite a gray sky, we returned to the flea market on Sunday! We are not tired of going through there, this flea market really has a [&hellip;]<\/p>\n","protected":false},"author":1,"featured_media":0,"parent":0,"menu_order":0,"comment_status":"closed","ping_status":"open","template":"","meta":[],"_links":{"self":[{"href":"https:\/\/www.mottodistribution.com\/site\/index.php?rest_route=\/wp\/v2\/pages\/28244"}],"collection":[{"href":"https:\/\/www.mottodistribution.com\/site\/index.php?rest_route=\/wp\/v2\/pages"}],"about":[{"href":"https:\/\/www.mottodistribution.com\/site\/index.php?rest_route=\/wp\/v2\/types\/page"}],"author":[{"embeddable":true,"href":"https:\/\/www.mottodistribution.com\/site\/index.php?rest_route=\/wp\/v2\/users\/1"}],"replies":[{"embeddable":true,"href":"https:\/\/www.mottodistribution.com\/site\/index.php?rest_route=%2Fwp%2Fv2%2Fcomments&post=28244"}],"version-history":[{"count":25,"href":"https:\/\/www.mottodistribution.com\/site\/index.php?rest_route=\/wp\/v2\/pages\/28244\/revisions"}],"predecessor-version":[{"id":48127,"href":"https:\/\/www.mottodistribution.com\/site\/index.php?rest_route=\/wp\/v2\/pages\/28244\/revisions\/48127"}],"wp:attachment":[{"href":"https:\/\/www.mottodistribution.com\/site\/index.php?rest_route=%2Fwp%2Fv2%2Fmedia&parent=28244"}],"curies":[{"name":"wp","href":"https:\/\/api.w.org\/{rel}","templated":true}]}}