{"id":1713,"date":"2007-08-10T14:07:55","date_gmt":"2007-08-10T14:07:55","guid":{"rendered":"http:\/\/mottomotto.wordpress.com\/about-2\/"},"modified":"2025-09-30T15:20:28","modified_gmt":"2025-09-30T14:20:28","slug":"about-2-2","status":"publish","type":"page","link":"http:\/\/www.mottodistribution.com\/site\/?page_id=1713","title":{"rendered":"About | Contact"},"content":{"rendered":"<p><strong>GENERAL INFORMATION:<\/strong><\/p>\n<p>General inquiries: office(at)mottodistribution.com<\/p>\n<p>Online store support: support(at)mottodistribution.com<\/p>\n<p>Wholesale department: stores(at)mottodistribution.com<\/p>\n<p>Accounting department: accounting(at)mottodistribution.com<\/p>\n<p>&#8212;<\/p>\n<p><a href=\"http:\/\/twitter.com\/mottobooks\/\" target=\"_blank\" rel=\"noopener\">Twitter<\/a><\/p>\n<p><a href=\"https:\/\/www.instagram.com\/mottobooks\/\" target=\"_blank\" rel=\"noopener\">Instagram<\/a><\/p>\n<p><a href=\"https:\/\/www.facebook.com\/mottoberlin\/\" target=\"_blank\" rel=\"noopener\">Facebook<\/a><\/p>\n<p>&#8212;<\/p>\n<div class=\"page\" title=\"Page 1\">\n<div class=\"section\">\n<div class=\"layoutArea\">\n<div class=\"column\">\n<p>Motto was started by Alexis Zavialoff around 2007, initiated as a distribution company for Switzerland that specialised in magazines and fanzines. An interest in books and self-published items came naturally and this now constitutes a major part of Motto\u2019s focus. The number of available publications has grown to comprises more than 35,000 titles. The catalogue is constantly updated and Motto currently distributes around 150 publishers to more than on hundred locations worldwide.<\/p>\n<p>In December 2008, Motto opened its first permanent bookstore in Berlin-Kreuzberg. The store is a natural progression from the travelling temporary bookshops that Motto organised first in Switzerland and then internationally. Temporary locations have spanned Vilnius, Istanbul, Tbilisi, Rotterdam, Kyiv, Athens, Seoul, Hamburg, Moscow, Amsterdam, Vancouver, Tokyo, Helsinki, Stuttgart, Pristina, Frankfurt, and San Francisco. Motto\u2019s location in Berlin, an old frame factory surrounded by a courtyard, regularly functions as a space for book and magazine presentations, as well as special evenings dedicated to a programme of exhibitions, talks, and screenings.<\/p>\n<p>\u2014<\/p>\n<p>Postal address:<\/p>\n<p>Motto Berlin<br \/>\nAlexis Zavialoff<br \/>\nSkalitzer Str. 68<br \/>\nD-10997 Berlin<\/p>\n<p>VAT-No.: DE265778142<\/p>\n<p>+49 (0)30 48816407<\/p>\n<p>\u2014<\/p>\n<p>Legal address:<\/p>\n<p>Motto Books SA<br \/>\nc\/o Constantin Suisse SA<br \/>\nRue du Jeu-de-l\u2019Arc 15<br \/>\n1207 Geneva<br \/>\nSwitzerland<\/p>\n<p>VAT-No.: CHE260636757TVA<\/p>\n<p>(any advertising and samples going to this address will not be forwarded)<\/p>\n<p>\u2014<\/p>\n<p>Any reproduction of content from Motto\u2019s website and archive is prohibited without written permission from Motto\u2019s staff.<\/p>\n<p>Motto Books SA \u00a9 2025<\/p>\n<p><strong>Other edited and updated bits:<\/strong><\/p>\n<p>Since 2015, Motto Books has published frequently in collaboration with a wide network of artists and curators. Recent titles include <em>Chroniques Terriennes<\/em> by Mathieu Cesar, co-published with Mars Amusements; <em>Pictures From a Briefcase<\/em> by Alexander Rappaport, co-published with Maxim Boxer Gallery; <em>statementhouseRCA<\/em> and <em>statementhousetanlin<\/em> by Jean-Pascal Flavien and Tan Lin; and <em>a time to see less<\/em> by Walid Sadek, co-published with Agial Art Gallery.<\/p>\n<p>Motto Distribution has always been dedicated to contextualising, enriching, and diagramming art environments through the means of printed formats. Today, Motto distributes over 150 publishers to a wide range of bookstores and libraries worldwide. A comprehensive catalogue of more than 35,000 titles is updated daily and includes special artist editions, periodicals, and self-published formats. Bridging international distribution, exhibitions, and publishing, Motto continues to generate models and experimentation of circulation for visual and textual materials within the context of contemporary art.<\/p>\n<p>Current scope of distribution includes 50 Watts Books, Philadelphia; After 8 Books, Paris; Blue Flower Texts, \u014ctautahi, Aotearoa (New Zealand); Bungee Space by 3standardstoppage studio, New York; Copenhagen Contemporary; De Groene Waterman, Antwerp; Erasmus Boekhandel, Amsterdam; Fiend, Narrm (Melbourne); Frans Masereel Centrum, Kasterlee; Galleria Continua, Paris; Hordaland Kunstsenter, Oslo; Inga Bookshop, Chicago; Institute of Contemporary Art, London; Ivorypress, Madrid; Jeu de Paume, Paris; Laietana de Llibreteria, Barcelona; Lang Books, San Diego; Librairie Erasmus, Paris; Librairie la Dispersion, Geneva; LUX, London; MACRO, Rome; Materia Prima, Porto; McNally Jackson, New York; Metropolis Bookshop, Melbourne; Motta Art Books, Eindhoven; ONE HALF IN, Zhoushan; Pan After, Melbourne; POSTPOST Space, 3standardstoppage studio, Beijing; Reading Room, Milan\u00a0; rhizome, Algiers; rile* books, Brussels; San Serriffe, Amsterdam; Seismographic Fabrics, Antwerp; Skylight Books, Los Angeles; TAMBOURINE, Madrid; Ulises, Ice Box Project Space, Philadelphia; under the cover, Lisbon; underbelly soundartmedia, Rotterdam; and Yvon Lambert Bookshop, Paris.<\/p>\n<p>Recent developments include an increased focus on finding viable solutions to circulate books outside of identified distribution channels. Swaps with other independent stores enable books to be traded within a network that allows our collaborators to transform their books into currency. Swap stores include Bergen Kunsthall, Bergen; bruno, Venice; Casa Bosques, Mexico City; Comentarvum, Izmir; Kiosk, Tangier; Kona Da Posta, Tbilisi; Lugemik Bookshop, Tallinn; MATERIAL. Raum f\u00fcr Buchkultur, Zurich; Mosses, Hong Kong; Naked Books by IST Publishing, Kyiv; Paint It Black, Torino, Pyk\u00eb, Prizren; PUNCH Bookshop, Bucharest; Salon f\u00fcr Kunstbuch, Vienna; Six Chairs Books, Vilnius; Reliable Copy, Bangalore; The Dreamers Gallery, Presidio; Torna, Istanbul; WIELS, Brussels; and Z\u00e9 dos Bois, Lisbon.<\/p>\n<p>Motto actively collaborates with selected libraries on specific lists of titles that result in frequent acquisitions, enabling a more embedded distribution report. Libraries include MoMA NY, MoMA SF, Bard College, Biblioth\u00e8que Kandinsky Centre Pompidou, Fundacio Tapi\u00e8s, Chicago Art Institute, The Getty Reseach Institute, Metropolitan Museum of Art, Museum of Paper Tokyo, Kunsthalle Basel, Midway Contemporary, Kask Ghent, MuMOK, Harvard University Libraries, CNEAI=, Taikwun Hong Kong, Asia Art Archive, and the Art Resources Transfer D.U.C. Program in New York, among others.<\/p>\n<\/div>\n<div>&#8212;<\/div>\n<div class=\"column\">\n<p>Any reproduction of contents, materials or images from Motto&#8217;s website and archive is prohibited without written permission from Motto&#8217;s staff.<\/p>\n<p>Motto Books SA \u00a9 2025<\/p>\n<\/div>\n<\/div>\n<\/div>\n<\/div>\n","protected":false},"excerpt":{"rendered":"<p>GENERAL INFORMATION: General inquiries: office(at)mottodistribution.com Online store support: support(at)mottodistribution.com Wholesale department: stores(at)mottodistribution.com Accounting department: accounting(at)mottodistribution.com &#8212; Twitter Instagram Facebook &#8212; Motto was started by Alexis Zavialoff around 2007, initiated as a distribution company for Switzerland that specialised in magazines and fanzines. An interest in books and self-published items came naturally and this now constitutes a [&hellip;]<\/p>\n","protected":false},"author":1,"featured_media":0,"parent":0,"menu_order":1,"comment_status":"closed","ping_status":"closed","template":"","meta":[],"_links":{"self":[{"href":"http:\/\/www.mottodistribution.com\/site\/index.php?rest_route=\/wp\/v2\/pages\/1713"}],"collection":[{"href":"http:\/\/www.mottodistribution.com\/site\/index.php?rest_route=\/wp\/v2\/pages"}],"about":[{"href":"http:\/\/www.mottodistribution.com\/site\/index.php?rest_route=\/wp\/v2\/types\/page"}],"author":[{"embeddable":true,"href":"http:\/\/www.mottodistribution.com\/site\/index.php?rest_route=\/wp\/v2\/users\/1"}],"replies":[{"embeddable":true,"href":"http:\/\/www.mottodistribution.com\/site\/index.php?rest_route=%2Fwp%2Fv2%2Fcomments&post=1713"}],"version-history":[{"count":135,"href":"http:\/\/www.mottodistribution.com\/site\/index.php?rest_route=\/wp\/v2\/pages\/1713\/revisions"}],"predecessor-version":[{"id":57580,"href":"http:\/\/www.mottodistribution.com\/site\/index.php?rest_route=\/wp\/v2\/pages\/1713\/revisions\/57580"}],"wp:attachment":[{"href":"http:\/\/www.mottodistribution.com\/site\/index.php?rest_route=%2Fwp%2Fv2%2Fmedia&parent=1713"}],"curies":[{"name":"wp","href":"https:\/\/api.w.org\/{rel}","templated":true}]}}